{"id":62,"date":"2017-05-16T10:18:43","date_gmt":"2017-05-16T08:18:43","guid":{"rendered":"http:\/\/adour-carrelage.fr\/?page_id=62"},"modified":"2017-05-23T10:15:20","modified_gmt":"2017-05-23T08:15:20","slug":"mes-activites-2","status":"publish","type":"page","link":"https:\/\/adour-carrelage.fr\/?page_id=62","title":{"rendered":"Nos activit\u00e9s"},"content":{"rendered":"<div id=\"pl-62\"  class=\"panel-layout\" >\n<div id=\"pg-62-0\"  class=\"panel-grid panel-no-style\"  data-style=\"{&quot;background_display&quot;:&quot;tile&quot;,&quot;cell_alignment&quot;:&quot;flex-start&quot;}\" >\n<div id=\"pgc-62-0-0\"  class=\"panel-grid-cell\"  data-weight=\"1\" >\n<div id=\"panel-62-0-0-0\" class=\"so-panel widget widget_sow-image panel-first-child panel-last-child\" data-index=\"0\" data-style=\"{&quot;background_display&quot;:&quot;tile&quot;}\" >\n<div class=\"so-widget-sow-image so-widget-sow-image-default-813df796d9b1\">\n<div class=\"sow-image-container\">\n\t<img fetchpriority=\"high\" decoding=\"async\" src=\"http:\/\/adour-carrelage.fr\/wp-content\/uploads\/2017\/05\/Carrelage-terrasse-pav\u00e9s.jpg\" width=\"1085\" height=\"400\" srcset=\"http:\/\/adour-carrelage.fr\/wp-content\/uploads\/2017\/05\/Carrelage-terrasse-pav\u00e9s.jpg 1085w, http:\/\/adour-carrelage.fr\/wp-content\/uploads\/2017\/05\/Carrelage-terrasse-pav\u00e9s-300x111.jpg 300w, http:\/\/adour-carrelage.fr\/wp-content\/uploads\/2017\/05\/Carrelage-terrasse-pav\u00e9s-768x283.jpg 768w, http:\/\/adour-carrelage.fr\/wp-content\/uploads\/2017\/05\/Carrelage-terrasse-pav\u00e9s-1024x378.jpg 1024w, http:\/\/adour-carrelage.fr\/wp-content\/uploads\/2017\/05\/Carrelage-terrasse-pav\u00e9s-800x295.jpg 800w\" sizes=\"(max-width: 1085px) 100vw, 1085px\" \t\tclass=\"so-widget-image\"\/>\n<\/div>\n<\/div>\n<\/div>\n<\/div>\n<\/div>\n<div id=\"pg-62-1\"  class=\"panel-grid panel-no-style\"  data-style=\"{&quot;background_display&quot;:&quot;tile&quot;,&quot;cell_alignment&quot;:&quot;flex-start&quot;}\" >\n<div id=\"pgc-62-1-0\"  class=\"panel-grid-cell\"  data-weight=\"1\" >\n<div id=\"panel-62-1-0-0\" class=\"so-panel widget widget_sow-editor panel-first-child panel-last-child\" data-index=\"1\" data-style=\"{&quot;background_image_attachment&quot;:false,&quot;background_display&quot;:&quot;tile&quot;}\" >\n<div class=\"so-widget-sow-editor so-widget-sow-editor-base\">\n<div class=\"siteorigin-widget-tinymce textwidget\">\n<p style=\"text-align: center;\"><strong>Rev\u00eatements sols et murs int\u00e9rieurs et ext\u00e9rieurs, terrasses carrelage, pav\u00e9s<\/strong><\/p>\n<\/div>\n<\/div>\n<\/div>\n<\/div>\n<\/div>\n<div id=\"pg-62-2\"  class=\"panel-grid panel-no-style\"  data-style=\"{&quot;background_display&quot;:&quot;tile&quot;,&quot;cell_alignment&quot;:&quot;flex-start&quot;}\" >\n<div id=\"pgc-62-2-0\"  class=\"panel-grid-cell\"  data-weight=\"0.33333333333333\" >\n<div id=\"panel-62-2-0-0\" class=\"so-panel widget widget_sow-image panel-first-child\" data-index=\"2\" data-style=\"{&quot;background_display&quot;:&quot;tile&quot;}\" >\n<div class=\"so-widget-sow-image so-widget-sow-image-default-813df796d9b1\">\n<div class=\"sow-image-container\">\n\t<img decoding=\"async\" src=\"http:\/\/adour-carrelage.fr\/wp-content\/uploads\/2017\/05\/IMG_0582.jpg\" width=\"1024\" height=\"768\" srcset=\"http:\/\/adour-carrelage.fr\/wp-content\/uploads\/2017\/05\/IMG_0582.jpg 1024w, http:\/\/adour-carrelage.fr\/wp-content\/uploads\/2017\/05\/IMG_0582-300x225.jpg 300w, http:\/\/adour-carrelage.fr\/wp-content\/uploads\/2017\/05\/IMG_0582-768x576.jpg 768w, http:\/\/adour-carrelage.fr\/wp-content\/uploads\/2017\/05\/IMG_0582-800x600.jpg 800w, http:\/\/adour-carrelage.fr\/wp-content\/uploads\/2017\/05\/IMG_0582-400x300.jpg 400w\" sizes=\"(max-width: 1024px) 100vw, 1024px\" \t\tclass=\"so-widget-image\"\/>\n<\/div>\n<\/div>\n<\/div>\n<div id=\"panel-62-2-0-1\" class=\"so-panel widget widget_sow-image panel-last-child\" data-index=\"3\" data-style=\"{&quot;background_display&quot;:&quot;tile&quot;}\" >\n<div class=\"so-widget-sow-image so-widget-sow-image-default-813df796d9b1\">\n<div class=\"sow-image-container\">\n\t<img decoding=\"async\" src=\"http:\/\/adour-carrelage.fr\/wp-content\/uploads\/2017\/05\/IMG_0568.jpg\" width=\"1024\" height=\"768\" srcset=\"http:\/\/adour-carrelage.fr\/wp-content\/uploads\/2017\/05\/IMG_0568.jpg 1024w, http:\/\/adour-carrelage.fr\/wp-content\/uploads\/2017\/05\/IMG_0568-300x225.jpg 300w, http:\/\/adour-carrelage.fr\/wp-content\/uploads\/2017\/05\/IMG_0568-768x576.jpg 768w, http:\/\/adour-carrelage.fr\/wp-content\/uploads\/2017\/05\/IMG_0568-800x600.jpg 800w, http:\/\/adour-carrelage.fr\/wp-content\/uploads\/2017\/05\/IMG_0568-400x300.jpg 400w\" sizes=\"(max-width: 1024px) 100vw, 1024px\" \t\tclass=\"so-widget-image\"\/>\n<\/div>\n<\/div>\n<\/div>\n<\/div>\n<div id=\"pgc-62-2-1\"  class=\"panel-grid-cell\"  data-weight=\"0.33333333333333\" >\n<div id=\"panel-62-2-1-0\" class=\"so-panel widget widget_sow-image panel-first-child\" data-index=\"4\" data-style=\"{&quot;background_display&quot;:&quot;tile&quot;}\" >\n<div class=\"so-widget-sow-image so-widget-sow-image-default-813df796d9b1\">\n<div class=\"sow-image-container\">\n\t<img loading=\"lazy\" decoding=\"async\" src=\"http:\/\/adour-carrelage.fr\/wp-content\/uploads\/2017\/05\/IMG_0570.jpg\" width=\"1024\" height=\"768\" srcset=\"http:\/\/adour-carrelage.fr\/wp-content\/uploads\/2017\/05\/IMG_0570.jpg 1024w, http:\/\/adour-carrelage.fr\/wp-content\/uploads\/2017\/05\/IMG_0570-300x225.jpg 300w, http:\/\/adour-carrelage.fr\/wp-content\/uploads\/2017\/05\/IMG_0570-768x576.jpg 768w, http:\/\/adour-carrelage.fr\/wp-content\/uploads\/2017\/05\/IMG_0570-800x600.jpg 800w, http:\/\/adour-carrelage.fr\/wp-content\/uploads\/2017\/05\/IMG_0570-400x300.jpg 400w\" sizes=\"(max-width: 1024px) 100vw, 1024px\" \t\tclass=\"so-widget-image\"\/>\n<\/div>\n<\/div>\n<\/div>\n<div id=\"panel-62-2-1-1\" class=\"so-panel widget widget_sow-image panel-last-child\" data-index=\"5\" data-style=\"{&quot;background_display&quot;:&quot;tile&quot;}\" >\n<div class=\"so-widget-sow-image so-widget-sow-image-default-813df796d9b1\">\n<div class=\"sow-image-container\">\n\t<img loading=\"lazy\" decoding=\"async\" src=\"http:\/\/adour-carrelage.fr\/wp-content\/uploads\/2017\/05\/IMG_0569.jpg\" width=\"1024\" height=\"768\" srcset=\"http:\/\/adour-carrelage.fr\/wp-content\/uploads\/2017\/05\/IMG_0569.jpg 1024w, http:\/\/adour-carrelage.fr\/wp-content\/uploads\/2017\/05\/IMG_0569-300x225.jpg 300w, http:\/\/adour-carrelage.fr\/wp-content\/uploads\/2017\/05\/IMG_0569-768x576.jpg 768w, http:\/\/adour-carrelage.fr\/wp-content\/uploads\/2017\/05\/IMG_0569-800x600.jpg 800w, http:\/\/adour-carrelage.fr\/wp-content\/uploads\/2017\/05\/IMG_0569-400x300.jpg 400w\" sizes=\"(max-width: 1024px) 100vw, 1024px\" \t\tclass=\"so-widget-image\"\/>\n<\/div>\n<\/div>\n<\/div>\n<\/div>\n<div id=\"pgc-62-2-2\"  class=\"panel-grid-cell\"  data-weight=\"0.33333333333333\" >\n<div id=\"panel-62-2-2-0\" class=\"so-panel widget widget_sow-image panel-first-child\" data-index=\"6\" data-style=\"{&quot;background_display&quot;:&quot;tile&quot;}\" >\n<div class=\"so-widget-sow-image so-widget-sow-image-default-813df796d9b1\">\n<div class=\"sow-image-container\">\n\t<img loading=\"lazy\" decoding=\"async\" src=\"http:\/\/adour-carrelage.fr\/wp-content\/uploads\/2017\/05\/IMG_0837.jpg\" width=\"1024\" height=\"768\" srcset=\"http:\/\/adour-carrelage.fr\/wp-content\/uploads\/2017\/05\/IMG_0837.jpg 1024w, http:\/\/adour-carrelage.fr\/wp-content\/uploads\/2017\/05\/IMG_0837-300x225.jpg 300w, http:\/\/adour-carrelage.fr\/wp-content\/uploads\/2017\/05\/IMG_0837-768x576.jpg 768w, http:\/\/adour-carrelage.fr\/wp-content\/uploads\/2017\/05\/IMG_0837-800x600.jpg 800w, http:\/\/adour-carrelage.fr\/wp-content\/uploads\/2017\/05\/IMG_0837-400x300.jpg 400w\" sizes=\"(max-width: 1024px) 100vw, 1024px\" \t\tclass=\"so-widget-image\"\/>\n<\/div>\n<\/div>\n<\/div>\n<div id=\"panel-62-2-2-1\" class=\"so-panel widget widget_sow-image panel-last-child\" data-index=\"7\" data-style=\"{&quot;background_display&quot;:&quot;tile&quot;}\" >\n<div class=\"so-widget-sow-image so-widget-sow-image-default-813df796d9b1\">\n<div class=\"sow-image-container\">\n\t<img loading=\"lazy\" decoding=\"async\" src=\"http:\/\/adour-carrelage.fr\/wp-content\/uploads\/2017\/05\/IMG_0838.jpg\" width=\"1024\" height=\"768\" srcset=\"http:\/\/adour-carrelage.fr\/wp-content\/uploads\/2017\/05\/IMG_0838.jpg 1024w, http:\/\/adour-carrelage.fr\/wp-content\/uploads\/2017\/05\/IMG_0838-300x225.jpg 300w, http:\/\/adour-carrelage.fr\/wp-content\/uploads\/2017\/05\/IMG_0838-768x576.jpg 768w, http:\/\/adour-carrelage.fr\/wp-content\/uploads\/2017\/05\/IMG_0838-800x600.jpg 800w, http:\/\/adour-carrelage.fr\/wp-content\/uploads\/2017\/05\/IMG_0838-400x300.jpg 400w\" sizes=\"(max-width: 1024px) 100vw, 1024px\" \t\tclass=\"so-widget-image\"\/>\n<\/div>\n<\/div>\n<\/div>\n<\/div>\n<\/div>\n<\/div>\n","protected":false},"excerpt":{"rendered":"<p>Rev\u00eatements sols et murs int\u00e9rieurs et ext\u00e9rieurs, terrasses carrelage, pav\u00e9s<\/p>\n","protected":false},"author":1,"featured_media":0,"parent":0,"menu_order":0,"comment_status":"closed","ping_status":"closed","template":"","meta":{"footnotes":""},"class_list":["post-62","page","type-page","status-publish","hentry"],"_links":{"self":[{"href":"https:\/\/adour-carrelage.fr\/index.php?rest_route=\/wp\/v2\/pages\/62","targetHints":{"allow":["GET"]}}],"collection":[{"href":"https:\/\/adour-carrelage.fr\/index.php?rest_route=\/wp\/v2\/pages"}],"about":[{"href":"https:\/\/adour-carrelage.fr\/index.php?rest_route=\/wp\/v2\/types\/page"}],"author":[{"embeddable":true,"href":"https:\/\/adour-carrelage.fr\/index.php?rest_route=\/wp\/v2\/users\/1"}],"replies":[{"embeddable":true,"href":"https:\/\/adour-carrelage.fr\/index.php?rest_route=%2Fwp%2Fv2%2Fcomments&post=62"}],"version-history":[{"count":10,"href":"https:\/\/adour-carrelage.fr\/index.php?rest_route=\/wp\/v2\/pages\/62\/revisions"}],"predecessor-version":[{"id":71,"href":"https:\/\/adour-carrelage.fr\/index.php?rest_route=\/wp\/v2\/pages\/62\/revisions\/71"}],"wp:attachment":[{"href":"https:\/\/adour-carrelage.fr\/index.php?rest_route=%2Fwp%2Fv2%2Fmedia&parent=62"}],"curies":[{"name":"wp","href":"https:\/\/api.w.org\/{rel}","templated":true}]}}