{"id":72,"date":"2017-05-16T12:03:50","date_gmt":"2017-05-16T10:03:50","guid":{"rendered":"http:\/\/adour-carrelage.fr\/?page_id=72"},"modified":"2020-08-24T13:47:09","modified_gmt":"2020-08-24T11:47:09","slug":"qui-sommes-nous","status":"publish","type":"page","link":"https:\/\/adour-carrelage.fr\/?page_id=72","title":{"rendered":"Qui sommes-nous ?"},"content":{"rendered":"<div id=\"pl-72\"  class=\"panel-layout\" >\n<div id=\"pg-72-0\"  class=\"panel-grid panel-no-style\"  data-style=\"{&quot;background_display&quot;:&quot;tile&quot;,&quot;cell_alignment&quot;:&quot;flex-start&quot;}\" >\n<div id=\"pgc-72-0-0\"  class=\"panel-grid-cell\"  data-style=\"{&quot;background_display&quot;:&quot;tile&quot;,&quot;vertical_alignment&quot;:&quot;auto&quot;}\"  data-weight=\"1\" >\n<div id=\"panel-72-0-0-0\" class=\"so-panel widget widget_sow-editor panel-first-child panel-last-child\" data-index=\"0\" data-style=\"{&quot;background_image_attachment&quot;:false,&quot;background_display&quot;:&quot;tile&quot;}\" >\n<div class=\"so-widget-sow-editor so-widget-sow-editor-base\">\n<div class=\"siteorigin-widget-tinymce textwidget\">\n<p><strong>G\u00e9rard GUERIN de la HOUSSAYE<\/strong>, <strong>carreleur<\/strong> <strong>exp\u00e9riment\u00e9<\/strong>, cr\u00e9\u00e9 en 2006 la SARL <strong>ADOUR<\/strong> <strong>CARRELAGE<\/strong> avec son \u00e9pouse et son beau-fils J\u00e9r\u00f4me MARTINS appel\u00e9 \u00e0 reprendre l&rsquo;entreprise.<\/p>\n<p><strong>ADOUR CARRELAGE<\/strong>, entreprise sp\u00e9cialis\u00e9e dans la <strong>pose de carrelage<\/strong>, <strong>marbre<\/strong>, <strong>pierres<\/strong>,<strong> pav\u00e9s,<\/strong> r\u00e9alise tous vos <strong>travaux de carrelage<\/strong> ainsi que vos <strong>travaux connexes de second oeuvre<\/strong>.<\/p>\n<\/div>\n<\/div>\n<\/div>\n<\/div>\n<\/div>\n<div id=\"pg-72-1\"  class=\"panel-grid panel-no-style\"  data-style=\"{&quot;background_display&quot;:&quot;tile&quot;,&quot;cell_alignment&quot;:&quot;flex-start&quot;}\" >\n<div id=\"pgc-72-1-0\"  class=\"panel-grid-cell\"  data-weight=\"0.5\" >\n<div id=\"panel-72-1-0-0\" class=\"so-panel widget widget_sow-image panel-first-child panel-last-child\" data-index=\"1\" data-style=\"{&quot;background_display&quot;:&quot;tile&quot;}\" >\n<div class=\"so-widget-sow-image so-widget-sow-image-default-813df796d9b1\">\n<div class=\"sow-image-container\">\n\t<img fetchpriority=\"high\" decoding=\"async\" src=\"http:\/\/adour-carrelage.fr\/wp-content\/uploads\/2017\/05\/IMG_0837.jpg\" width=\"1024\" height=\"768\" srcset=\"http:\/\/adour-carrelage.fr\/wp-content\/uploads\/2017\/05\/IMG_0837.jpg 1024w, http:\/\/adour-carrelage.fr\/wp-content\/uploads\/2017\/05\/IMG_0837-300x225.jpg 300w, http:\/\/adour-carrelage.fr\/wp-content\/uploads\/2017\/05\/IMG_0837-768x576.jpg 768w, http:\/\/adour-carrelage.fr\/wp-content\/uploads\/2017\/05\/IMG_0837-800x600.jpg 800w, http:\/\/adour-carrelage.fr\/wp-content\/uploads\/2017\/05\/IMG_0837-400x300.jpg 400w\" sizes=\"(max-width: 1024px) 100vw, 1024px\" \t\tclass=\"so-widget-image\"\/>\n<\/div>\n<\/div>\n<\/div>\n<\/div>\n<div id=\"pgc-72-1-1\"  class=\"panel-grid-cell\"  data-weight=\"0.5\" >\n<div id=\"panel-72-1-1-0\" class=\"so-panel widget widget_sow-editor panel-first-child panel-last-child\" data-index=\"2\" data-style=\"{&quot;background_display&quot;:&quot;tile&quot;}\" >\n<div class=\"so-widget-sow-editor so-widget-sow-editor-base\">\n<div class=\"siteorigin-widget-tinymce textwidget\">\n<p>Des <strong>carreleurs<\/strong> <strong>qualifi\u00e9s<\/strong> qui r\u00e9alisent :<\/p>\n<ul>\n<li>la confection de<strong> chapes<\/strong>,<\/li>\n<li>la pose de <strong>rev\u00eatements carrelage sol et murs<\/strong>, <strong>marbre<\/strong>, <strong>pierres, pav\u00e9s,<\/strong><\/li>\n<li>la r\u00e9alisation de <strong>terrasses<\/strong>, <strong>piscines<\/strong>, <strong>cuisines d&rsquo;\u00e9t\u00e9<\/strong>,<\/li>\n<li>la cr\u00e9ation de vos projets d&rsquo;am\u00e9nagement faisant appel \u00e0 d&rsquo;autres comp\u00e9tences de <strong>second oeuvre<\/strong> :<strong> petite ma\u00e7onnerie, isolation<\/strong>, <strong>placopl\u00e2tre<\/strong>, <strong>plomberie<\/strong>, <strong>\u00e9lectricit\u00e9<\/strong>, <strong>menuiseries, <\/strong>etc&#8230;<\/li>\n<\/ul>\n<p>Ils utilisent des mat\u00e9riaux et produits de qualit\u00e9 respectueux de l&rsquo;environnement.<\/p>\n<\/div>\n<\/div>\n<\/div>\n<\/div>\n<\/div>\n<div id=\"pg-72-2\"  class=\"panel-grid panel-no-style\"  data-style=\"{&quot;background_display&quot;:&quot;tile&quot;,&quot;cell_alignment&quot;:&quot;flex-start&quot;}\" >\n<div id=\"pgc-72-2-0\"  class=\"panel-grid-cell\"  data-weight=\"0.5\" >\n<div id=\"panel-72-2-0-0\" class=\"so-panel widget widget_sow-editor panel-first-child panel-last-child\" data-index=\"3\" data-style=\"{&quot;background_display&quot;:&quot;tile&quot;}\" >\n<div class=\"so-widget-sow-editor so-widget-sow-editor-base\">\n<div class=\"siteorigin-widget-tinymce textwidget\">\n<p>Nous travaillons au service de particuliers, de ma\u00eetres d&rsquo;ouvrages priv\u00e9s et publics.\u00a0<\/p>\n<\/div>\n<\/div>\n<\/div>\n<\/div>\n<div id=\"pgc-72-2-1\"  class=\"panel-grid-cell\"  data-weight=\"0.5\" >\n<div id=\"panel-72-2-1-0\" class=\"so-panel widget widget_sow-image panel-first-child panel-last-child\" data-index=\"4\" data-style=\"{&quot;background_display&quot;:&quot;tile&quot;}\" >\n<div class=\"so-widget-sow-image so-widget-sow-image-default-813df796d9b1\">\n<div class=\"sow-image-container\">\n\t<img decoding=\"async\" src=\"http:\/\/adour-carrelage.fr\/wp-content\/uploads\/2017\/05\/IMG_0585.jpg\" width=\"1024\" height=\"768\" srcset=\"http:\/\/adour-carrelage.fr\/wp-content\/uploads\/2017\/05\/IMG_0585.jpg 1024w, http:\/\/adour-carrelage.fr\/wp-content\/uploads\/2017\/05\/IMG_0585-300x225.jpg 300w, http:\/\/adour-carrelage.fr\/wp-content\/uploads\/2017\/05\/IMG_0585-768x576.jpg 768w, http:\/\/adour-carrelage.fr\/wp-content\/uploads\/2017\/05\/IMG_0585-800x600.jpg 800w, http:\/\/adour-carrelage.fr\/wp-content\/uploads\/2017\/05\/IMG_0585-400x300.jpg 400w\" sizes=\"(max-width: 1024px) 100vw, 1024px\" \t\tclass=\"so-widget-image\"\/>\n<\/div>\n<\/div>\n<\/div>\n<\/div>\n<\/div>\n<div id=\"pg-72-3\"  class=\"panel-grid panel-no-style\"  data-style=\"{&quot;background_display&quot;:&quot;tile&quot;,&quot;cell_alignment&quot;:&quot;flex-start&quot;}\" >\n<div id=\"pgc-72-3-0\"  class=\"panel-grid-cell\"  data-weight=\"0.5\" >\n<div id=\"panel-72-3-0-0\" class=\"so-panel widget widget_sow-image panel-first-child panel-last-child\" data-index=\"5\" data-style=\"{&quot;background_display&quot;:&quot;tile&quot;}\" >\n<div class=\"so-widget-sow-image so-widget-sow-image-default-813df796d9b1\">\n<div class=\"sow-image-container\">\n\t<img decoding=\"async\" src=\"http:\/\/adour-carrelage.fr\/wp-content\/uploads\/2017\/05\/IMG_0569.jpg\" width=\"1024\" height=\"768\" srcset=\"http:\/\/adour-carrelage.fr\/wp-content\/uploads\/2017\/05\/IMG_0569.jpg 1024w, http:\/\/adour-carrelage.fr\/wp-content\/uploads\/2017\/05\/IMG_0569-300x225.jpg 300w, http:\/\/adour-carrelage.fr\/wp-content\/uploads\/2017\/05\/IMG_0569-768x576.jpg 768w, http:\/\/adour-carrelage.fr\/wp-content\/uploads\/2017\/05\/IMG_0569-800x600.jpg 800w, http:\/\/adour-carrelage.fr\/wp-content\/uploads\/2017\/05\/IMG_0569-400x300.jpg 400w\" sizes=\"(max-width: 1024px) 100vw, 1024px\" \t\tclass=\"so-widget-image\"\/>\n<\/div>\n<\/div>\n<\/div>\n<\/div>\n<div id=\"pgc-72-3-1\"  class=\"panel-grid-cell\"  data-weight=\"0.5\" >\n<div id=\"panel-72-3-1-0\" class=\"so-panel widget widget_sow-editor panel-first-child panel-last-child\" data-index=\"6\" data-style=\"{&quot;background_display&quot;:&quot;tile&quot;}\" >\n<div class=\"so-widget-sow-editor so-widget-sow-editor-base\">\n<div class=\"siteorigin-widget-tinymce textwidget\">\n<p><strong>ADOUR CARRELAGE<\/strong>, un seul interlocuteur qui regroupe l&rsquo;ensemble des comp\u00e9tences pour r\u00e9aliser tous vos projets du <strong>sol<\/strong> au <strong>plafond :<\/strong><\/p>\n<ul>\n<li>l&rsquo;am\u00e9nagement de votre <strong>salle de bains<\/strong>,<\/li>\n<li>la <strong>r\u00e9novation<\/strong> de votre <strong>appartement<\/strong> ou de votre <strong>maison<\/strong>.<\/li>\n<\/ul>\n<\/div>\n<\/div>\n<\/div>\n<\/div>\n<\/div>\n<div id=\"pg-72-4\"  class=\"panel-grid panel-no-style\"  data-style=\"{&quot;background_display&quot;:&quot;tile&quot;,&quot;cell_alignment&quot;:&quot;flex-start&quot;}\" >\n<div id=\"pgc-72-4-0\"  class=\"panel-grid-cell\"  data-weight=\"0.5\" >\n<div id=\"panel-72-4-0-0\" class=\"so-panel widget widget_sow-editor panel-first-child panel-last-child\" data-index=\"7\" data-style=\"{&quot;background_display&quot;:&quot;tile&quot;}\" >\n<div class=\"so-widget-sow-editor so-widget-sow-editor-base\">\n<div class=\"siteorigin-widget-tinymce textwidget\">\n<p><strong>Etudes personnalis\u00e9es<\/strong>, <strong>\u00e9coute<\/strong>, <strong>conseil<\/strong>, <strong>respect des d\u00e9lais<\/strong>, <strong>travail soign\u00e9<\/strong>, nous intervenons dans le <strong>grand sud-ouest<\/strong>, aussi bien pour de la <strong>construction<\/strong> que de la <strong>r\u00e9novation<\/strong>.<\/p>\n<\/div>\n<\/div>\n<\/div>\n<\/div>\n<div id=\"pgc-72-4-1\"  class=\"panel-grid-cell\"  data-weight=\"0.5\" >\n<div id=\"panel-72-4-1-0\" class=\"so-panel widget widget_sow-image panel-first-child panel-last-child\" data-index=\"8\" data-style=\"{&quot;background_display&quot;:&quot;tile&quot;}\" >\n<div class=\"so-widget-sow-image so-widget-sow-image-default-813df796d9b1\">\n<div class=\"sow-image-container\">\n\t<img loading=\"lazy\" decoding=\"async\" src=\"http:\/\/adour-carrelage.fr\/wp-content\/uploads\/2017\/05\/IMG_0573.jpg\" width=\"1024\" height=\"768\" srcset=\"http:\/\/adour-carrelage.fr\/wp-content\/uploads\/2017\/05\/IMG_0573.jpg 1024w, http:\/\/adour-carrelage.fr\/wp-content\/uploads\/2017\/05\/IMG_0573-300x225.jpg 300w, http:\/\/adour-carrelage.fr\/wp-content\/uploads\/2017\/05\/IMG_0573-768x576.jpg 768w, http:\/\/adour-carrelage.fr\/wp-content\/uploads\/2017\/05\/IMG_0573-800x600.jpg 800w, http:\/\/adour-carrelage.fr\/wp-content\/uploads\/2017\/05\/IMG_0573-400x300.jpg 400w\" sizes=\"(max-width: 1024px) 100vw, 1024px\" \t\tclass=\"so-widget-image\"\/>\n<\/div>\n<\/div>\n<\/div>\n<\/div>\n<\/div>\n<div id=\"pg-72-5\"  class=\"panel-grid panel-no-style\"  data-style=\"{&quot;background_display&quot;:&quot;tile&quot;,&quot;cell_alignment&quot;:&quot;flex-start&quot;}\" >\n<div id=\"pgc-72-5-0\"  class=\"panel-grid-cell\"  data-weight=\"0.5\" >\n<div id=\"panel-72-5-0-0\" class=\"so-panel widget widget_sow-image panel-first-child\" data-index=\"9\" data-style=\"{&quot;background_display&quot;:&quot;tile&quot;}\" >\n<div class=\"so-widget-sow-image so-widget-sow-image-default-813df796d9b1\">\n<div class=\"sow-image-container\">\n\t<img title=\"Qui sommes-nous ?\" \t\tclass=\"so-widget-image\"\/>\n<\/div>\n<\/div>\n<\/div>\n<div id=\"panel-72-5-0-1\" class=\"so-panel widget widget_sow-editor panel-last-child\" data-index=\"10\" data-style=\"{&quot;background_display&quot;:&quot;tile&quot;}\" >\n<div class=\"so-widget-sow-editor so-widget-sow-editor-base\">\n<div class=\"siteorigin-widget-tinymce textwidget\">\n<p>Mandat\u00e9s par des cabinets d&rsquo;expertises, nous \u00e9valuons le montant des sinistres et r\u00e9alisons \u00e9galement les <strong>travaux de remise en \u00e9tat<\/strong> : <strong>d\u00e9molition soign\u00e9e<\/strong> du <strong>carrelage<\/strong> et <strong>plinthes<\/strong> existants ou mise en place de produits sp\u00e9cifiques sur l&rsquo;ancien <strong>carrelage<\/strong>.<\/p>\n<\/div>\n<\/div>\n<\/div>\n<\/div>\n<div id=\"pgc-72-5-1\"  class=\"panel-grid-cell\"  data-weight=\"0.5\" >\n<div id=\"panel-72-5-1-0\" class=\"so-panel widget widget_sow-image panel-first-child panel-last-child\" data-index=\"11\" data-style=\"{&quot;background_display&quot;:&quot;tile&quot;}\" >\n<div class=\"so-widget-sow-image so-widget-sow-image-default-813df796d9b1\">\n<div class=\"sow-image-container\">\n\t<img loading=\"lazy\" decoding=\"async\" src=\"http:\/\/adour-carrelage.fr\/wp-content\/uploads\/2017\/05\/IMG_0579.jpg\" width=\"1024\" height=\"768\" srcset=\"http:\/\/adour-carrelage.fr\/wp-content\/uploads\/2017\/05\/IMG_0579.jpg 1024w, http:\/\/adour-carrelage.fr\/wp-content\/uploads\/2017\/05\/IMG_0579-300x225.jpg 300w, http:\/\/adour-carrelage.fr\/wp-content\/uploads\/2017\/05\/IMG_0579-768x576.jpg 768w, http:\/\/adour-carrelage.fr\/wp-content\/uploads\/2017\/05\/IMG_0579-800x600.jpg 800w, http:\/\/adour-carrelage.fr\/wp-content\/uploads\/2017\/05\/IMG_0579-400x300.jpg 400w\" sizes=\"(max-width: 1024px) 100vw, 1024px\" \t\tclass=\"so-widget-image\"\/>\n<\/div>\n<\/div>\n<\/div>\n<\/div>\n<\/div>\n<div id=\"pg-72-6\"  class=\"panel-grid panel-no-style\"  data-style=\"{&quot;background_display&quot;:&quot;tile&quot;,&quot;cell_alignment&quot;:&quot;flex-start&quot;}\" >\n<div id=\"pgc-72-6-0\"  class=\"panel-grid-cell\"  data-weight=\"1\" >\n<div id=\"panel-72-6-0-0\" class=\"so-panel widget widget_sow-editor panel-first-child panel-last-child\" data-index=\"12\" data-style=\"{&quot;background_display&quot;:&quot;tile&quot;}\" >\n<div class=\"so-widget-sow-editor so-widget-sow-editor-base\">\n<div class=\"siteorigin-widget-tinymce textwidget\">\n<p>Une \u00e9quipe d\u00e9vou\u00e9e soucieuse de la <strong>qualit\u00e9<\/strong>. Des <strong>r\u00e9f\u00e9rences<\/strong> qui parlent.<\/p>\n<\/div>\n<\/div>\n<\/div>\n<\/div>\n<\/div>\n<\/div>\n","protected":false},"excerpt":{"rendered":"<p>G\u00e9rard GUERIN de la HOUSSAYE, carreleur exp\u00e9riment\u00e9, cr\u00e9\u00e9 en 2006 la SARL ADOUR CARRELAGE avec son \u00e9pouse et son beau-fils J\u00e9r\u00f4me MARTINS appel\u00e9 \u00e0 reprendre l&rsquo;entreprise. ADOUR CARRELAGE, entreprise sp\u00e9cialis\u00e9e dans la pose de carrelage, marbre, pierres, pav\u00e9s, r\u00e9alise tous vos travaux de carrelage ainsi que vos travaux connexes de second oeuvre. Des carreleurs qualifi\u00e9s qui r\u00e9alisent : la confection<\/p>\n<p><a class=\"more-link\" href=\"https:\/\/adour-carrelage.fr\/?page_id=72\">Read More<\/a><\/p>\n","protected":false},"author":1,"featured_media":0,"parent":0,"menu_order":2,"comment_status":"closed","ping_status":"closed","template":"","meta":{"footnotes":""},"class_list":["post-72","page","type-page","status-publish","hentry"],"_links":{"self":[{"href":"https:\/\/adour-carrelage.fr\/index.php?rest_route=\/wp\/v2\/pages\/72","targetHints":{"allow":["GET"]}}],"collection":[{"href":"https:\/\/adour-carrelage.fr\/index.php?rest_route=\/wp\/v2\/pages"}],"about":[{"href":"https:\/\/adour-carrelage.fr\/index.php?rest_route=\/wp\/v2\/types\/page"}],"author":[{"embeddable":true,"href":"https:\/\/adour-carrelage.fr\/index.php?rest_route=\/wp\/v2\/users\/1"}],"replies":[{"embeddable":true,"href":"https:\/\/adour-carrelage.fr\/index.php?rest_route=%2Fwp%2Fv2%2Fcomments&post=72"}],"version-history":[{"count":32,"href":"https:\/\/adour-carrelage.fr\/index.php?rest_route=\/wp\/v2\/pages\/72\/revisions"}],"predecessor-version":[{"id":259,"href":"https:\/\/adour-carrelage.fr\/index.php?rest_route=\/wp\/v2\/pages\/72\/revisions\/259"}],"wp:attachment":[{"href":"https:\/\/adour-carrelage.fr\/index.php?rest_route=%2Fwp%2Fv2%2Fmedia&parent=72"}],"curies":[{"name":"wp","href":"https:\/\/api.w.org\/{rel}","templated":true}]}}