{"id":81,"date":"2017-05-16T15:49:04","date_gmt":"2017-05-16T13:49:04","guid":{"rendered":"http:\/\/adour-carrelage.fr\/?page_id=81"},"modified":"2017-07-31T14:52:30","modified_gmt":"2017-07-31T12:52:30","slug":"infos-legales","status":"publish","type":"page","link":"https:\/\/adour-carrelage.fr\/?page_id=81","title":{"rendered":"Infos l\u00e9gales"},"content":{"rendered":"<div id=\"pl-81\"  class=\"panel-layout\" >\n<div id=\"pg-81-0\"  class=\"panel-grid panel-no-style\"  data-style=\"{&quot;background_display&quot;:&quot;tile&quot;,&quot;cell_alignment&quot;:&quot;flex-start&quot;}\" >\n<div id=\"pgc-81-0-0\"  class=\"panel-grid-cell\"  data-weight=\"0.5\" >\n<div id=\"panel-81-0-0-0\" class=\"so-panel widget widget_sow-editor panel-first-child panel-last-child\" data-index=\"0\" data-style=\"{&quot;background_image_attachment&quot;:false,&quot;background_display&quot;:&quot;tile&quot;}\" >\n<div class=\"so-widget-sow-editor so-widget-sow-editor-base\">\n<div class=\"siteorigin-widget-tinymce textwidget\">\n<p><strong>Certification QUALIBAT RGE<\/strong><\/p>\n<p>Tous nos travaux sont garantis par une <strong>assurance<\/strong> <strong>responsabilit\u00e9 civile professionnelle<\/strong> et <strong>d\u00e9cennale<\/strong> souscrites aupr\u00e8s de GENERALI.<\/p>\n<header class=\"entry-header\">\n<p class=\"entry-title\"><strong>L\u2019EDITEUR<\/strong><\/p>\n<\/header>\n<div class=\"entry-content\">\n<p>Adour Carrelage<br \/>62,\u00a0Avenue Alsace Lorraine<br \/>65000\u00a0Tarbes<br \/>France<\/p>\n<p><strong>LE CONCEPTEUR ET REALISATEUR<\/strong><br \/>Adour Carrelage<br \/>62,\u00a0Avenue Alsace Lorraine &#8211;\u00a065000\u00a0Tarbes<br \/>Portable 05 62 36 19 62<\/p>\n<p><strong>L\u2019HEBERGEUR<\/strong><br \/>OVH<br \/>2 rue Kellermann<br \/>59100 Roubaix &#8211; France<\/p>\n<p><strong>DROITS D\u2019AUTEUR<\/strong><br \/>Ce site est destin\u00e9 \u00e0 l\u2019information. Textes \u00a0sont r\u00e9dig\u00e9s par <strong>Adour Carrelage<\/strong>. Sauf autorisation, la reproduction ainsi que toute utilisation des \u0153uvres, autres que la consultation individuelle et priv\u00e9e, sont interdites.<\/p>\n<p><strong>CREDIT PHOTOS ET VIDEOS<\/strong><br \/>Adour Carrelage<\/p>\n<\/div>\n<\/div>\n<\/div>\n<\/div>\n<\/div>\n<div id=\"pgc-81-0-1\"  class=\"panel-grid-cell\"  data-weight=\"0.5\" >\n<div id=\"panel-81-0-1-0\" class=\"so-panel widget widget_sow-image panel-first-child panel-last-child\" data-index=\"1\" data-style=\"{&quot;background_display&quot;:&quot;tile&quot;}\" >\n<div class=\"so-widget-sow-image so-widget-sow-image-default-813df796d9b1\">\n<div class=\"sow-image-container\">\n\t<img decoding=\"async\" src=\"http:\/\/adour-carrelage.fr\/wp-content\/uploads\/2017\/05\/1.jpg\" width=\"49\" height=\"497\" sizes=\"(max-width: 49px) 100vw, 49px\" \t\tclass=\"so-widget-image\"\/>\n<\/div>\n<\/div>\n<\/div>\n<\/div>\n<\/div>\n<\/div>\n","protected":false},"excerpt":{"rendered":"<p>Certification QUALIBAT RGE Tous nos travaux sont garantis par une assurance responsabilit\u00e9 civile professionnelle et d\u00e9cennale souscrites aupr\u00e8s de GENERALI. L\u2019EDITEUR Adour Carrelage62,\u00a0Avenue Alsace Lorraine65000\u00a0TarbesFrance LE CONCEPTEUR ET REALISATEURAdour Carrelage62,\u00a0Avenue Alsace Lorraine &#8211;\u00a065000\u00a0TarbesPortable 05 62 36 19 62 L\u2019HEBERGEUROVH2 rue Kellermann59100 Roubaix &#8211; France DROITS D\u2019AUTEURCe site est destin\u00e9 \u00e0 l\u2019information. Textes \u00a0sont r\u00e9dig\u00e9s par Adour Carrelage. Sauf autorisation, la<\/p>\n<p><a class=\"more-link\" href=\"https:\/\/adour-carrelage.fr\/?page_id=81\">Read More<\/a><\/p>\n","protected":false},"author":1,"featured_media":0,"parent":0,"menu_order":0,"comment_status":"closed","ping_status":"closed","template":"","meta":{"footnotes":""},"class_list":["post-81","page","type-page","status-publish","hentry"],"_links":{"self":[{"href":"https:\/\/adour-carrelage.fr\/index.php?rest_route=\/wp\/v2\/pages\/81","targetHints":{"allow":["GET"]}}],"collection":[{"href":"https:\/\/adour-carrelage.fr\/index.php?rest_route=\/wp\/v2\/pages"}],"about":[{"href":"https:\/\/adour-carrelage.fr\/index.php?rest_route=\/wp\/v2\/types\/page"}],"author":[{"embeddable":true,"href":"https:\/\/adour-carrelage.fr\/index.php?rest_route=\/wp\/v2\/users\/1"}],"replies":[{"embeddable":true,"href":"https:\/\/adour-carrelage.fr\/index.php?rest_route=%2Fwp%2Fv2%2Fcomments&post=81"}],"version-history":[{"count":18,"href":"https:\/\/adour-carrelage.fr\/index.php?rest_route=\/wp\/v2\/pages\/81\/revisions"}],"predecessor-version":[{"id":245,"href":"https:\/\/adour-carrelage.fr\/index.php?rest_route=\/wp\/v2\/pages\/81\/revisions\/245"}],"wp:attachment":[{"href":"https:\/\/adour-carrelage.fr\/index.php?rest_route=%2Fwp%2Fv2%2Fmedia&parent=81"}],"curies":[{"name":"wp","href":"https:\/\/api.w.org\/{rel}","templated":true}]}}